{"id":1468,"date":"2016-05-12T10:14:37","date_gmt":"2016-05-12T10:14:37","guid":{"rendered":"http:\/\/servizi.consorzionavigli.it\/trasparenza\/?page_id=1468"},"modified":"2025-02-19T14:49:17","modified_gmt":"2025-02-19T14:49:17","slug":"informazioni-ambinetali-archivio","status":"publish","type":"page","link":"https:\/\/trasparenza.consorzionavigli.it\/?page_id=1468","title":{"rendered":"Informazioni ambientali &#8211; archivio"},"content":{"rendered":"<p><a href=\"https:\/\/trasparenza.consorzionavigli.it\/wp-content\/uploads\/2024\/05\/Dossier_Comuni-Ricicloni-Lombardia-2023.pdf\">Dossier_Comuni-Ricicloni-Lombardia-2023<\/a><\/p>\n<p><a href=\"https:\/\/trasparenza.consorzionavigli.it\/wp-content\/uploads\/2023\/04\/Dossier_CR_Lombardia_2022.pdf\">Dossier_CR_Lombardia_2022<\/a><\/p>\n<p><a href=\"https:\/\/trasparenza.consorzionavigli.it\/wp-content\/uploads\/2021\/08\/lombardia-2020.pdf\">Dossier ricicloni_Lombardia-2020<\/a><\/p>\n<p><a href=\"https:\/\/trasparenza.consorzionavigli.it\/wp-content\/uploads\/2023\/06\/Quantit\u00e0-2022-def.pdf\">Quantit\u00e0 &#8211; 2022_generale e singoli Comuni<\/a><\/p>\n<p><a href=\"https:\/\/trasparenza.consorzionavigli.it\/wp-content\/uploads\/2022\/09\/Quantit\u00e0-2021_generale-e-singoli-Comuni.pdf\">Quantit\u00e0 2021_generale e singoli Comuni<\/a><\/p>\n<p><a href=\"https:\/\/trasparenza.consorzionavigli.it\/wp-content\/uploads\/2021\/08\/QUANTIT\u00c0_2020.pdf\">Quantit\u00e0_2020 generale esingoli Comuni<\/a><\/p>\n","protected":false},"excerpt":{"rendered":"<p>Dossier_Comuni-Ricicloni-Lombardia-2023 Dossier_CR_Lombardia_2022 Dossier ricicloni_Lombardia-2020 Quantit\u00e0 &#8211; 2022_generale e singoli Comuni Quantit\u00e0 2021_generale e singoli Comuni Quantit\u00e0_2020 generale esingoli Comuni<\/p>\n","protected":false},"author":2,"featured_media":0,"parent":0,"menu_order":0,"comment_status":"closed","ping_status":"closed","template":"","meta":{"footnotes":""},"class_list":["post-1468","page","type-page","status-publish","hentry"],"_links":{"self":[{"href":"https:\/\/trasparenza.consorzionavigli.it\/index.php?rest_route=\/wp\/v2\/pages\/1468"}],"collection":[{"href":"https:\/\/trasparenza.consorzionavigli.it\/index.php?rest_route=\/wp\/v2\/pages"}],"about":[{"href":"https:\/\/trasparenza.consorzionavigli.it\/index.php?rest_route=\/wp\/v2\/types\/page"}],"author":[{"embeddable":true,"href":"https:\/\/trasparenza.consorzionavigli.it\/index.php?rest_route=\/wp\/v2\/users\/2"}],"replies":[{"embeddable":true,"href":"https:\/\/trasparenza.consorzionavigli.it\/index.php?rest_route=%2Fwp%2Fv2%2Fcomments&post=1468"}],"version-history":[{"count":27,"href":"https:\/\/trasparenza.consorzionavigli.it\/index.php?rest_route=\/wp\/v2\/pages\/1468\/revisions"}],"predecessor-version":[{"id":4383,"href":"https:\/\/trasparenza.consorzionavigli.it\/index.php?rest_route=\/wp\/v2\/pages\/1468\/revisions\/4383"}],"wp:attachment":[{"href":"https:\/\/trasparenza.consorzionavigli.it\/index.php?rest_route=%2Fwp%2Fv2%2Fmedia&parent=1468"}],"curies":[{"name":"wp","href":"https:\/\/api.w.org\/{rel}","templated":true}]}}