{"id":24,"date":"2014-02-20T07:09:58","date_gmt":"2014-02-20T07:09:58","guid":{"rendered":"http:\/\/servizi.consorzionavigli.it\/trasparenza\/?page_id=24"},"modified":"2023-01-30T15:55:15","modified_gmt":"2023-01-30T15:55:15","slug":"note-legali","status":"publish","type":"page","link":"https:\/\/trasparenza.consorzionavigli.it\/?page_id=24","title":{"rendered":"Pubblicit\u00e0 legale"},"content":{"rendered":"<p><strong>1. Copyright<\/strong><br \/>\nTutti i contenuti, quali, a titolo esemplificativo e non limitativo, i testi, il tema grafico, i file da scaricare, le tabelle, le immagini e le informazioni presenti all&#8217;interno del sito www.consorzionavigli.it sono protetti ai sensi della rispettiva normativa in materia diritto d&#8217;autore, di brevetti, di marchi e di propriet\u00e0 intellettuale. Ogni prodotto o societ\u00e0 menzionati nel sito sono marchi dei rispettivi proprietari o titolari e possono essere protetti da brevetti e\/o copyright concessi o registrati dalle autorit\u00e0 preposte.<br \/>\nOve non diversamente specificato, i materiali contenuti in questo sito sono liberamente riutilizzabili per uso personale e non commerciale, con l&#8217;unico obbligo di citare la fonte e non modificare il contenuto. Nulla, neppure in parte, potr\u00e0 essere copiato, modificato o rivenduto per fini di lucro.<\/p>\n<p><strong>2. Utilizzo del sito<\/strong><br \/>\nIn nessun caso il Consorzio dei Navigli SPA potr\u00e0 essere ritenuto responsabile dei danni di qualsiasi natura causati direttamente o indirettamente dall&#8217;accesso al sito, dall&#8217;incapacit\u00e0 o impossibilit\u00e0 di accedervi, dall&#8217;utilizzo dei contenuti. Il Consorzio dei Navigli SPA provveder\u00e0 a inserire nel sito informazioni aggiornate, ma non garantisce circa la loro completezza o accuratezza.<\/p>\n<p><strong>3. Accesso a siti esterni collegati<\/strong><br \/>\nIl Consorzio dei Navigli SPA non ha alcuna responsabilit\u00e0 per quanto riguarda i siti ai quali \u00e8 possibile accedere tramite i collegamenti posti all&#8217;interno del sito stesso, forniti come semplice servizio agli utenti della rete. Il fatto che il Consorzio dei Navigli SPA fornisca questi collegamenti non implica l&#8217;approvazione dei siti stessi, sulla cui qualit\u00e0 (con particolare riferimento all&#8217;accessibilit\u00e0), contenuti e grafica, il Consorzio declina ogni responsabilit\u00e0. Il Consorzio non \u00e8 responsabile in merito alle informazioni ottenute dall&#8217;utente tramite l&#8217;accesso ai siti collegati a www.consorzionavigli.it. Pertanto della completezza e precisione delle informazioni sono da ritenersi responsabili i soggetti titolari dei siti ai quali si accede alle condizioni dagli stessi previste. Il Consorzio dei Navigli SPA non offre alcuna assicurazione sul software eventualmente presente sul proprio sito o su siti esterni e non pu\u00f2 garantirne qualit\u00e0, sicurezza e compatibilit\u00e0 con i sistemi in uso.<\/p>\n<p><strong>4. Download<\/strong><br \/>\nGli oggetti, prodotti, programmi e routine eventualmente presenti in questo sito per lo scaricamento (download) quali ad esempio modulistica, documentazione tecnica, pubblicazioni ecc., salvo diversa indicazione, sono liberamente e gratuitamente disponibili alle condizioni stabilite al punto 1, salvo quando indicato diversamente in riferimento ad un singolo file. Quanto reperibile via download in questo sito tramite link a siti esterni pu\u00f2 essere coperto da copyright, diritti d&#8217;uso e\/o copia dei rispettivi proprietari; pertanto il Consorzio dei Navigli SPA invita a verificare condizioni di utilizzo e diritti e si ritiene esplicitamente sollevato da qualsiasi responsabilit\u00e0 in merito.<\/p>\n<p><strong>5. Virus informatici<\/strong><br \/>\nIl Consorzio dei Navigli SPA, pur adottando tutte le precauzioni possibili per la sicurezza della navigazione e l&#8217;integrit\u00e0 dei contenuti, non garantisce che il sito sia privo di errori o virus. Il Consorzio dei Navigli SPA, i suoi fornitori e i suoi collaboratori non sono responsabili per i danni subiti dall&#8217;utente a causa di tali elementi di carattere distruttivo.<\/p>\n<p>&nbsp;<\/p>\n","protected":false},"excerpt":{"rendered":"<p>1. Copyright Tutti i contenuti, quali, a titolo esemplificativo e non limitativo, i testi, il tema grafico, i file da scaricare, le tabelle, le immagini e le informazioni presenti all&#8217;interno del sito www.consorzionavigli.it sono protetti ai sensi della rispettiva normativa&hellip; <\/p>\n","protected":false},"author":1,"featured_media":0,"parent":36,"menu_order":0,"comment_status":"closed","ping_status":"closed","template":"","meta":{"footnotes":""},"class_list":["post-24","page","type-page","status-publish","hentry"],"_links":{"self":[{"href":"https:\/\/trasparenza.consorzionavigli.it\/index.php?rest_route=\/wp\/v2\/pages\/24"}],"collection":[{"href":"https:\/\/trasparenza.consorzionavigli.it\/index.php?rest_route=\/wp\/v2\/pages"}],"about":[{"href":"https:\/\/trasparenza.consorzionavigli.it\/index.php?rest_route=\/wp\/v2\/types\/page"}],"author":[{"embeddable":true,"href":"https:\/\/trasparenza.consorzionavigli.it\/index.php?rest_route=\/wp\/v2\/users\/1"}],"replies":[{"embeddable":true,"href":"https:\/\/trasparenza.consorzionavigli.it\/index.php?rest_route=%2Fwp%2Fv2%2Fcomments&post=24"}],"version-history":[{"count":9,"href":"https:\/\/trasparenza.consorzionavigli.it\/index.php?rest_route=\/wp\/v2\/pages\/24\/revisions"}],"predecessor-version":[{"id":3605,"href":"https:\/\/trasparenza.consorzionavigli.it\/index.php?rest_route=\/wp\/v2\/pages\/24\/revisions\/3605"}],"up":[{"embeddable":true,"href":"https:\/\/trasparenza.consorzionavigli.it\/index.php?rest_route=\/wp\/v2\/pages\/36"}],"wp:attachment":[{"href":"https:\/\/trasparenza.consorzionavigli.it\/index.php?rest_route=%2Fwp%2Fv2%2Fmedia&parent=24"}],"curies":[{"name":"wp","href":"https:\/\/api.w.org\/{rel}","templated":true}]}}